{"id":9,"date":"2020-03-23T15:16:41","date_gmt":"2020-03-23T14:16:41","guid":{"rendered":"https:\/\/www.schlafen-schoenfeld.de\/datenschutzvereinbarungen\/"},"modified":"2021-03-24T14:45:09","modified_gmt":"2021-03-24T13:45:09","slug":"datenschutzvereinbarungen","status":"publish","type":"page","link":"https:\/\/www.schlafen-schoenfeld.de\/?page_id=9","title":{"rendered":"Datenschutzvereinbarungen"},"content":{"rendered":"<p>[et_pb_section fb_built=&#8220;1&#8243; _builder_version=&#8220;4.6.6&#8243; _module_preset=&#8220;default&#8220; background_image=&#8220;https:\/\/www.schlafen-schoenfeld.de\/wp-content\/uploads\/2021\/03\/Sni\u0301mek-obrazovky-2021-03-24-v-10.59.11.png&#8220; custom_margin=&#8220;0px||0px||false|false&#8220; custom_padding=&#8220;0px||0px||false|false&#8220; border_width_top=&#8220;1px&#8220; border_color_top=&#8220;#898989&#8243; border_style_top=&#8220;dotted&#8220; border_width_bottom=&#8220;1px&#8220; border_color_bottom=&#8220;#898989&#8243; border_style_bottom=&#8220;dotted&#8220;][et_pb_row _builder_version=&#8220;4.6.6&#8243; _module_preset=&#8220;default&#8220;][et_pb_column type=&#8220;4_4&#8243; _builder_version=&#8220;4.6.6&#8243; _module_preset=&#8220;default&#8220;][et_pb_text _builder_version=&#8220;4.6.6&#8243; _module_preset=&#8220;default&#8220; text_font=&#8220;|300|||||||&#8220; text_text_color=&#8220;#000000&#8243; text_font_size=&#8220;28px&#8220; text_letter_spacing=&#8220;0px&#8220; filter_contrast=&#8220;42%&#8220;]<\/p>\n<p>DATENSCHUTZVEREINBARUNGEN<\/p>\n<p>[\/et_pb_text][\/et_pb_column][\/et_pb_row][\/et_pb_section][et_pb_section fb_built=&#8220;1&#8243; admin_label=&#8220;section&#8220; _builder_version=&#8220;3.22&#8243;][et_pb_row admin_label=&#8220;row&#8220; _builder_version=&#8220;3.25&#8243; background_size=&#8220;initial&#8220; background_position=&#8220;top_left&#8220; background_repeat=&#8220;repeat&#8220;][et_pb_column type=&#8220;4_4&#8243; _builder_version=&#8220;3.25&#8243; custom_padding=&#8220;|||&#8220; custom_padding__hover=&#8220;|||&#8220;][et_pb_text admin_label=&#8220;Text&#8220; _builder_version=&#8220;4.6.6&#8243; text_font=&#8220;|300|||||||&#8220; text_text_color=&#8220;#474747&#8243; text_font_size=&#8220;17px&#8220; link_font=&#8220;|600|||on||||&#8220; link_text_color=&#8220;#8a53d1&#8243; header_text_color=&#8220;#474747&#8243; header_font_size=&#8220;34px&#8220; header_2_font=&#8220;|800|||||||&#8220; header_2_text_color=&#8220;#474747&#8243; header_3_font=&#8220;||||||||&#8220; header_3_text_color=&#8220;#474747&#8243; background_size=&#8220;initial&#8220; background_position=&#8220;top_left&#8220; background_repeat=&#8220;repeat&#8220;]<\/p>\n<h1>DATENSCHUTZVEREINBARUNGEN<\/h1>\n<p>In dieser Datenschutzerkl\u00e4rung informieren wir Sie \u00fcber die Verarbeitung Ihrer personenbezogenen Daten.<\/p>\n<p>Sofern Sie Ihre Datenschutzeinstellungen \u00e4ndern m\u00f6chten (Einwilligungen erteilen oder bereits erteilte Einwilligungen widerrufen), klicken Sie<span>\u00a0<\/span><a target=\"_blank\" href=\"https:\/\/www.schlafen-schoenfeld.de\/?page_id=9#\" class=\"sp-dsgvo-show-privacy-popup\" rel=\"noopener\">hier<\/a><span>\u00a0<\/span>um Ihre Einstellungen zu \u00e4ndern.<\/p>\n<h2><\/h2>\n<h2>VERANTWORTLICH<\/h2>\n<p>Janine Lehmann, Bergweg 13, 01561 Sch\u00f6nfeld, DE,<span>\u00a0<\/span><a href=\"mailto:info@schlafen-schoenfeld.de\">info@schlafen-schoenfeld.de<\/a>, 0171 36 03 146<\/p>\n<h2><\/h2>\n<h2>DATENSCHUTZBEAUFTRAGTER<\/h2>\n<p>Unseren Datenschutzbeauftragten erreichen Sie unter:<\/p>\n<p>z.\u00a0Hd. Janine Lehmann,<br \/> Bergweg 13<br \/> 01561 Sch\u00f6nfeld<br \/> Telefon: 0171 36 03 146<br \/> E-Mail-Adresse:<span>\u00a0<\/span><a href=\"mailto:info@schlafen-schoenfeld.de\">info@schlafen-schoenfeld.de<\/a><\/p>\n<h2><\/h2>\n<h2>HOSTING<\/h2>\n<p><strong>Dienst:<\/strong>\u00a0birdnetworks.de<br \/> <strong>Anbieter:<\/strong>\u00a0<span>Birdnetworks KG,\u00a0<\/span><span>Sch\u00f6ne Aussicht 5,\u00a0<\/span><span>01157 Dresden<\/span><br \/> <strong>Datenschutzerkl\u00e4rung:<\/strong><span>\u00a0<\/span><a href=\"https:\/\/www.birdnetworks.de\/impressum.html\">Link zur Datenschutzerkl\u00e4rung<\/a><\/p>\n<h2><\/h2>\n<h2>SERVER LOG FILES<\/h2>\n<p>Zum Zweck der \u00dcberwachung der technischen Funktion und zur Erh\u00f6hung der Betriebssicherheit unseres Webhosts werden Verbindungsdaten verarbeitet. Die Dauer der Verarbeitung ist auf 7 Tage beschr\u00e4nkt.<\/p>\n<p>Die Rechtsgrundlage f\u00fcr die Datenverarbeitung ist das berechtigte Interesse (unbedingte technische Notwendigkeit eines Server Log Files als grundlegende Datenbasis zur Fehleranalyse und f\u00fcr Sicherheitsma\u00dfnahmen im Rahmen des durch Ihren Aufruf ausdr\u00fccklich gew\u00fcnschten Dienstes \u201eWebsite\u201c) gem\u00e4\u00df Art. 6 Abs. 1 lit. f DSGVO.<\/p>\n<h2><\/h2>\n<h2>KONTAKTFORMULAR<\/h2>\n<p>Auf unserer Website besteht die M\u00f6glichkeit, durch ein Kontaktformular direkt mit uns in Kontakt zu treten. Nach Absenden des Kontaktformulars erfolgt eine Verarbeitung der von ihnen eingegebenen personenbezogenen Daten durch den Verantwortlichen zum Zweck der Bearbeitung Ihrer Anfrage auf Grundlage der von ihnen durch das Absenden des Formulars erteilten Einwilligung gem. Art. 6 Abs. 1 lit. a DSGVO bis auf Widerruf.<br \/> Es besteht keine gesetzliche oder vertragliche Verpflichtung zur Bereitstellung der personenbezogenen Daten. Die Nichtbereitstellung hat lediglich zur Folge, dass Sie Ihr Anliegen nicht \u00fcbermitteln und wir dieses nicht bearbeiten k\u00f6nnen.<\/p>\n<h2><\/h2>\n<h2>SICHERHEITSDIENSTE<\/h2>\n<p>Auf dieser Website nutzen wir zur Vermeidung von nicht menschlichen und automatisierten Eingaben das Angebot von Sicherheitsdienstleistern wie Captcha-Diensten.<\/p>\n<h2><\/h2>\n<h2>GOOGLE RECAPTCHA<\/h2>\n<p>Im Fall der Erteilung Ihrer Einwilligung verarbeiten wir mit dem Dienst<span>\u00a0<\/span><a target=\"_blank\" href=\"https:\/\/www.google.com\/recaptcha\/intro\/v3.html\" rel=\"noopener\">Google reCaptcha<\/a>, Google Ireland Limited, Gordon House, Barrow Street, Dublin 4, Irland als gemeinsame Verantwortliche Ihre personenbezogenen Daten zum Zweck der Vermeidung nicht menschlicher und automatisierter Eingaben. Dabei erm\u00f6glichen wir dem Dienst das Setzen von Cookies, die Erhebung von Verbindungsdaten und Daten ihres Webbrowsers. Zudem erm\u00f6glichen wir dem Dienst die Berechnung einer User-ID zur eindeutigen Identifizierung des Users im Rahmen des von Google betriebenen Werbenetzwerkes. Daten werden auf Ihrem Ger\u00e4t f\u00fcr die Dauer von bis zu zwei Jahren gespeichert.<\/p>\n<p>Die Rechtsgrundlage f\u00fcr die Datenverarbeitung ist Ihre Einwilligung gem\u00e4\u00df Art. 6 Abs 1 lit. a DSGVO. Die Nichterteilung der Einwilligung hat zur Folge, dass die Nutzung von reCaptcha und damit verbundenen Formularen nicht m\u00f6glich ist.<\/p>\n<p>Eine bereits erteilte Einwilligung k\u00f6nnen Sie widerrufen, indem Sie die<span>\u00a0<\/span><a target=\"_blank\" class=\"lwb-ppsp\" href=\"https:\/\/www.schlafen-schoenfeld.de\/?page_id=9#\" title=\"Datenschutzeinstellungen\" rel=\"noopener\">Datenschutzeinstellungen<\/a><span>\u00a0<\/span>\u00e4ndern.<\/p>\n<p>Der Google Konzern \u00fcbermittelt Ihre personenbezogenen Daten in die USA. Die Rechtsgrundlage f\u00fcr die Daten\u00fcbermittlung in die USA ist Ihre Einwilligung gem\u00e4\u00df Art. 49 Abs 1 lit a iVm Art. 6 Abs 1 lit a DSGVO. Sie wurden bereits vor Erteilung Ihrer Einwilligung informiert, dass die USA \u00fcber kein den Standards der EU entsprechendes Datenschutzniveau verf\u00fcgt. Insbesondere k\u00f6nnen US Geheimdienste auf Ihre Daten zugreifen, ohne dass Sie dar\u00fcber informiert werden und ohne dass Sie dagegen rechtlich vorgehen k\u00f6nnen. Der Europ\u00e4ische Gerichtshof hat aus diesem Grund in einem Urteil den fr\u00fcheren Angemessenheitsbeschluss (Privacy Shield) f\u00fcr ung\u00fcltig erkl\u00e4rt.<\/p>\n<h2><\/h2>\n<h2>WEB-SCHRIFTEN<\/h2>\n<h3>FONT AWESOME<\/h3>\n<p>Wir verarbeiten mit unserem Auftragsverarbeiter<span>\u00a0<\/span><a target=\"_blank\" href=\"https:\/\/fontawesome.com\/\" rel=\"noopener\">Fontawesome<\/a>, Fonticons, Inc., 6 Porter Road, Apartment 3R, Cambridge, MA 02140, USA, Verbindungsdaten und Browserdaten zum Zweck der Bereitstellung der vom Webbrowser zur Anzeige der Website ben\u00f6tigten Schriftarten. Diese Daten werden nur f\u00fcr die zur Auswahl und \u00dcbermittlung der Schriftarten ben\u00f6tigte Dauer verarbeitet.<\/p>\n<p>Die Rechtsgrundlage f\u00fcr die Datenverarbeitung ist das berechtigte Interesse (unbedingte technische Notwendigkeit zur Bereitstellung und Auslieferung des von ihnen durch Ihren Aufruf ausdr\u00fccklich gew\u00fcnschten Dienstes \u201eWebsite\u201c) gem\u00e4\u00df Art. 6 Abs. 1 lit. f DSGVO.<\/p>\n<p>Soweit durch Fontawesome eine weitergehende eigenst\u00e4ndige Verarbeitung der Daten erfolgt, ist Fontawesome daf\u00fcr alleinige Verantwortliche. Details finden Sie in der<span>\u00a0<\/span><a target=\"_blank\" href=\"https:\/\/fontawesome.com\/privacy\" rel=\"noopener\">Datenschutzerkl\u00e4rung<\/a><span>\u00a0<\/span>von Fontawesome.<\/p>\n<h2><\/h2>\n<h2>ANALYSEDIENSTE<\/h2>\n<h3>WP STATISTICS<\/h3>\n<p>Zum Zweck der Suche und Analyse von Fehlern, der Auswertung der Nutzung und der Ableitung von Ma\u00dfnahmen zur zuk\u00fcnftigen Weiterentwicklung unserer Website verarbeiten wir Ihre Daten mit Hilfe der lokalen Analysesoftware<span>\u00a0<\/span><a target=\"_blank\" href=\"https:\/\/wordpress.org\/plugins\/wp-statistics\/\" rel=\"noopener\">WP-Statistics<\/a>, WordPress.<\/p>\n<p>Da es sich bei diesem Dienst um ein lokales Analysetool handelt, werden keinerlei personenbezogene Daten an den Diensteanbieter oder an Dritte weitergeleitet. Zudem werden Ihre personenbezogenen Daten unmittelbar nach Erhebung anonymisiert. Eine \u00fcber den ersten Verarbeitungsschritt hinausgehende Speicherung von personenbezogenen Daten findet daher nicht statt.<\/p>\n<p>Die Rechtsgrundlage f\u00fcr die Datenverarbeitung ist das berechtigte Interesse (unbedingte technische Notwendigkeit zur Bereitstellung und Auslieferung des von ihnen durch Ihren Aufruf ausdr\u00fccklich gew\u00fcnschten Dienstes \u201eWebsite\u201c) gem\u00e4\u00df Art. 6 Abs. 1 lit. f DSGVO.<\/p>\n<h2><\/h2>\n<h2>WIDERSPRUCHSRECHT<\/h2>\n<p>Sofern die Verarbeitung Ihrer personenbezogenen Daten auf Grundlage des berechtigten Interesses erfolgt, haben Sie das Recht gegen dieser Verarbeitung zu widersprechen.<\/p>\n<p>Sofern keine zwingenden schutzw\u00fcrdigen Gr\u00fcnde f\u00fcr die Verarbeitung unsererseits vorliegen, wird die Verarbeitung Ihrer Daten auf Basis dieser Rechtsgrundlage eingestellt.<\/p>\n<p>Zudem haben Sie das Recht, der Verarbeitung Ihrer personenbezogenen Daten zum Zweck der Direktwerbung zu widersprechen. Im Fall des Widerspruchs werden Ihre personenbezogenen Daten nicht mehr zum Zweck der Direktwerbung verarbeitet.<\/p>\n<p>Die Rechtm\u00e4\u00dfigkeit der bis zum Widerspruch verarbeiteten Daten wird durch den Widerspruch nicht ber\u00fchrt.<\/p>\n<h2><\/h2>\n<h2>WIDERRUFSRECHT<\/h2>\n<p>Sie haben das Recht eine bereits erteilte Einwilligung jederzeit zu widerrufen, indem Sie die<span>\u00a0<\/span><a target=\"_blank\" class=\"lwb-ppsp\" href=\"https:\/\/www.schlafen-schoenfeld.de\/?page_id=9#\" title=\"Datenschutzeinstellungen\" rel=\"noopener\">Datenschutzeinstellungen<\/a><span>\u00a0<\/span>\u00e4ndern.<\/p>\n<p>Im Fall der Einwilligung in den Erhalt elektronischer Werbung kann der Widerruf Ihrer Einwilligung durch Klick auf den Abmeldelink erfolgen. In diesem Fall wird eine Verarbeitung, sofern keine andere Rechtsgrundlage besteht, eingestellt.<\/p>\n<p>Die Rechtm\u00e4\u00dfigkeit der bis zum Widerruf verarbeiteten Daten wird durch den Widerruf nicht ber\u00fchrt.<\/p>\n<h2><\/h2>\n<h2>BETROFFENENRECHTE<\/h2>\n<p>Sie haben zudem das Recht auf Auskunft, Berichtigung, L\u00f6schung und Einschr\u00e4nkung der Verarbeitung der personenbezogenen Daten.<\/p>\n<p>Soweit die Rechtsgrundlage der Verarbeitung Ihrer personenbezogenen Daten in Ihrer Einwilligung oder in einem mit Ihnen abgeschlossenen Vertrag besteht, haben Sie \u00fcberdies das Recht auf Daten\u00fcbertragbarkeit.<\/p>\n<p>Weiters haben Sie das Recht auf Beschwerde bei der Aufsichtsbeh\u00f6rde. N\u00e4here Informationen zu den Aufsichtsbeh\u00f6rden in der Europ\u00e4ischen Union finden Sie<span>\u00a0<\/span><a target=\"_blank\" href=\"https:\/\/ec.europa.eu\/justice\/article-29\/structure\/data-protection-authorities\/index_en.htm\" title=\"Datenschutzbeh\u00f6rden\" rel=\"noopener\">hier<\/a>.<\/p>\n<p>[\/et_pb_text][\/et_pb_column][\/et_pb_row][\/et_pb_section]<\/p>\n","protected":false},"excerpt":{"rendered":"<p>DATENSCHUTZVEREINBARUNGENDATENSCHUTZVEREINBARUNGEN In dieser Datenschutzerkl\u00e4rung informieren wir Sie \u00fcber die Verarbeitung Ihrer personenbezogenen Daten. Sofern Sie Ihre Datenschutzeinstellungen \u00e4ndern m\u00f6chten (Einwilligungen erteilen oder bereits erteilte Einwilligungen widerrufen), klicken Sie\u00a0hier\u00a0um Ihre Einstellungen zu \u00e4ndern. VERANTWORTLICH Janine Lehmann, Bergweg 13, 01561 Sch\u00f6nfeld, DE,\u00a0info@schlafen-schoenfeld.de, 0171 36 03 146 DATENSCHUTZBEAUFTRAGTER Unseren Datenschutzbeauftragten erreichen Sie unter: z.\u00a0Hd. Janine Lehmann, Bergweg 13 [&hellip;]<\/p>\n","protected":false},"author":1,"featured_media":0,"parent":0,"menu_order":0,"comment_status":"closed","ping_status":"closed","template":"","meta":{"_et_pb_use_builder":"on","_et_pb_old_content":"[privacy_policy]","_et_gb_content_width":"","footnotes":""},"class_list":["post-9","page","type-page","status-publish","hentry"],"yoast_head":"<!-- This site is optimized with the Yoast SEO plugin v27.4 - https:\/\/yoast.com\/product\/yoast-seo-wordpress\/ -->\n<title>Datenschutzvereinbarungen - Schlafen-Sch\u00f6nfeld.de<\/title>\n<meta name=\"description\" content=\"DATENSCHUTZVEREINBARUNGEN | In dieser Datenschutzerkl\u00e4rung informieren wir Sie \u00fcber die Verarbeitung Ihrer personenbezogenen Daten.\" \/>\n<meta name=\"robots\" content=\"index, follow, max-snippet:-1, max-image-preview:large, max-video-preview:-1\" \/>\n<link rel=\"canonical\" href=\"https:\/\/www.schlafen-schoenfeld.de\/?page_id=9\" \/>\n<meta property=\"og:locale\" content=\"de_DE\" \/>\n<meta property=\"og:type\" content=\"article\" \/>\n<meta property=\"og:title\" content=\"Datenschutzvereinbarungen - Schlafen-Sch\u00f6nfeld.de\" \/>\n<meta property=\"og:description\" content=\"DATENSCHUTZVEREINBARUNGEN | In dieser Datenschutzerkl\u00e4rung informieren wir Sie \u00fcber die Verarbeitung Ihrer personenbezogenen Daten.\" \/>\n<meta property=\"og:url\" content=\"https:\/\/www.schlafen-schoenfeld.de\/?page_id=9\" \/>\n<meta property=\"og:site_name\" content=\"Schlafen-Sch\u00f6nfeld.de\" \/>\n<meta property=\"article:modified_time\" content=\"2021-03-24T13:45:09+00:00\" \/>\n<meta name=\"twitter:card\" content=\"summary_large_image\" \/>\n<meta name=\"twitter:label1\" content=\"Gesch\u00e4tzte Lesezeit\" \/>\n\t<meta name=\"twitter:data1\" content=\"6\u00a0Minuten\" \/>\n<script type=\"application\/ld+json\" class=\"yoast-schema-graph\">{\"@context\":\"https:\\\/\\\/schema.org\",\"@graph\":[{\"@type\":\"WebPage\",\"@id\":\"https:\\\/\\\/www.schlafen-schoenfeld.de\\\/?page_id=9\",\"url\":\"https:\\\/\\\/www.schlafen-schoenfeld.de\\\/?page_id=9\",\"name\":\"Datenschutzvereinbarungen - Schlafen-Sch\u00f6nfeld.de\",\"isPartOf\":{\"@id\":\"https:\\\/\\\/www.schlafen-schoenfeld.de\\\/#website\"},\"datePublished\":\"2020-03-23T14:16:41+00:00\",\"dateModified\":\"2021-03-24T13:45:09+00:00\",\"description\":\"DATENSCHUTZVEREINBARUNGEN | In dieser Datenschutzerkl\u00e4rung informieren wir Sie \u00fcber die Verarbeitung Ihrer personenbezogenen Daten.\",\"breadcrumb\":{\"@id\":\"https:\\\/\\\/www.schlafen-schoenfeld.de\\\/?page_id=9#breadcrumb\"},\"inLanguage\":\"de\",\"potentialAction\":[{\"@type\":\"ReadAction\",\"target\":[\"https:\\\/\\\/www.schlafen-schoenfeld.de\\\/?page_id=9\"]}]},{\"@type\":\"BreadcrumbList\",\"@id\":\"https:\\\/\\\/www.schlafen-schoenfeld.de\\\/?page_id=9#breadcrumb\",\"itemListElement\":[{\"@type\":\"ListItem\",\"position\":1,\"name\":\"Startseite\",\"item\":\"https:\\\/\\\/www.schlafen-schoenfeld.de\\\/\"},{\"@type\":\"ListItem\",\"position\":2,\"name\":\"Datenschutzvereinbarungen\"}]},{\"@type\":\"WebSite\",\"@id\":\"https:\\\/\\\/www.schlafen-schoenfeld.de\\\/#website\",\"url\":\"https:\\\/\\\/www.schlafen-schoenfeld.de\\\/\",\"name\":\"Schlafen-Sch\u00f6nfeld.de\",\"description\":\"\",\"publisher\":{\"@id\":\"https:\\\/\\\/www.schlafen-schoenfeld.de\\\/#organization\"},\"potentialAction\":[{\"@type\":\"SearchAction\",\"target\":{\"@type\":\"EntryPoint\",\"urlTemplate\":\"https:\\\/\\\/www.schlafen-schoenfeld.de\\\/?s={search_term_string}\"},\"query-input\":{\"@type\":\"PropertyValueSpecification\",\"valueRequired\":true,\"valueName\":\"search_term_string\"}}],\"inLanguage\":\"de\"},{\"@type\":\"Organization\",\"@id\":\"https:\\\/\\\/www.schlafen-schoenfeld.de\\\/#organization\",\"name\":\"G\u00e4stehaus Lehmann\",\"url\":\"https:\\\/\\\/www.schlafen-schoenfeld.de\\\/\",\"logo\":{\"@type\":\"ImageObject\",\"inLanguage\":\"de\",\"@id\":\"https:\\\/\\\/www.schlafen-schoenfeld.de\\\/#\\\/schema\\\/logo\\\/image\\\/\",\"url\":\"https:\\\/\\\/www.schlafen-schoenfeld.de\\\/wp-content\\\/uploads\\\/2020\\\/03\\\/logo_mobil.png\",\"contentUrl\":\"https:\\\/\\\/www.schlafen-schoenfeld.de\\\/wp-content\\\/uploads\\\/2020\\\/03\\\/logo_mobil.png\",\"width\":145,\"height\":63,\"caption\":\"G\u00e4stehaus Lehmann\"},\"image\":{\"@id\":\"https:\\\/\\\/www.schlafen-schoenfeld.de\\\/#\\\/schema\\\/logo\\\/image\\\/\"}}]}<\/script>\n<!-- \/ Yoast SEO plugin. -->","yoast_head_json":{"title":"Datenschutzvereinbarungen - Schlafen-Sch\u00f6nfeld.de","description":"DATENSCHUTZVEREINBARUNGEN | In dieser Datenschutzerkl\u00e4rung informieren wir Sie \u00fcber die Verarbeitung Ihrer personenbezogenen Daten.","robots":{"index":"index","follow":"follow","max-snippet":"max-snippet:-1","max-image-preview":"max-image-preview:large","max-video-preview":"max-video-preview:-1"},"canonical":"https:\/\/www.schlafen-schoenfeld.de\/?page_id=9","og_locale":"de_DE","og_type":"article","og_title":"Datenschutzvereinbarungen - Schlafen-Sch\u00f6nfeld.de","og_description":"DATENSCHUTZVEREINBARUNGEN | In dieser Datenschutzerkl\u00e4rung informieren wir Sie \u00fcber die Verarbeitung Ihrer personenbezogenen Daten.","og_url":"https:\/\/www.schlafen-schoenfeld.de\/?page_id=9","og_site_name":"Schlafen-Sch\u00f6nfeld.de","article_modified_time":"2021-03-24T13:45:09+00:00","twitter_card":"summary_large_image","twitter_misc":{"Gesch\u00e4tzte Lesezeit":"6\u00a0Minuten"},"schema":{"@context":"https:\/\/schema.org","@graph":[{"@type":"WebPage","@id":"https:\/\/www.schlafen-schoenfeld.de\/?page_id=9","url":"https:\/\/www.schlafen-schoenfeld.de\/?page_id=9","name":"Datenschutzvereinbarungen - Schlafen-Sch\u00f6nfeld.de","isPartOf":{"@id":"https:\/\/www.schlafen-schoenfeld.de\/#website"},"datePublished":"2020-03-23T14:16:41+00:00","dateModified":"2021-03-24T13:45:09+00:00","description":"DATENSCHUTZVEREINBARUNGEN | In dieser Datenschutzerkl\u00e4rung informieren wir Sie \u00fcber die Verarbeitung Ihrer personenbezogenen Daten.","breadcrumb":{"@id":"https:\/\/www.schlafen-schoenfeld.de\/?page_id=9#breadcrumb"},"inLanguage":"de","potentialAction":[{"@type":"ReadAction","target":["https:\/\/www.schlafen-schoenfeld.de\/?page_id=9"]}]},{"@type":"BreadcrumbList","@id":"https:\/\/www.schlafen-schoenfeld.de\/?page_id=9#breadcrumb","itemListElement":[{"@type":"ListItem","position":1,"name":"Startseite","item":"https:\/\/www.schlafen-schoenfeld.de\/"},{"@type":"ListItem","position":2,"name":"Datenschutzvereinbarungen"}]},{"@type":"WebSite","@id":"https:\/\/www.schlafen-schoenfeld.de\/#website","url":"https:\/\/www.schlafen-schoenfeld.de\/","name":"Schlafen-Sch\u00f6nfeld.de","description":"","publisher":{"@id":"https:\/\/www.schlafen-schoenfeld.de\/#organization"},"potentialAction":[{"@type":"SearchAction","target":{"@type":"EntryPoint","urlTemplate":"https:\/\/www.schlafen-schoenfeld.de\/?s={search_term_string}"},"query-input":{"@type":"PropertyValueSpecification","valueRequired":true,"valueName":"search_term_string"}}],"inLanguage":"de"},{"@type":"Organization","@id":"https:\/\/www.schlafen-schoenfeld.de\/#organization","name":"G\u00e4stehaus Lehmann","url":"https:\/\/www.schlafen-schoenfeld.de\/","logo":{"@type":"ImageObject","inLanguage":"de","@id":"https:\/\/www.schlafen-schoenfeld.de\/#\/schema\/logo\/image\/","url":"https:\/\/www.schlafen-schoenfeld.de\/wp-content\/uploads\/2020\/03\/logo_mobil.png","contentUrl":"https:\/\/www.schlafen-schoenfeld.de\/wp-content\/uploads\/2020\/03\/logo_mobil.png","width":145,"height":63,"caption":"G\u00e4stehaus Lehmann"},"image":{"@id":"https:\/\/www.schlafen-schoenfeld.de\/#\/schema\/logo\/image\/"}}]}},"_links":{"self":[{"href":"https:\/\/www.schlafen-schoenfeld.de\/index.php?rest_route=\/wp\/v2\/pages\/9","targetHints":{"allow":["GET"]}}],"collection":[{"href":"https:\/\/www.schlafen-schoenfeld.de\/index.php?rest_route=\/wp\/v2\/pages"}],"about":[{"href":"https:\/\/www.schlafen-schoenfeld.de\/index.php?rest_route=\/wp\/v2\/types\/page"}],"author":[{"embeddable":true,"href":"https:\/\/www.schlafen-schoenfeld.de\/index.php?rest_route=\/wp\/v2\/users\/1"}],"replies":[{"embeddable":true,"href":"https:\/\/www.schlafen-schoenfeld.de\/index.php?rest_route=%2Fwp%2Fv2%2Fcomments&post=9"}],"version-history":[{"count":6,"href":"https:\/\/www.schlafen-schoenfeld.de\/index.php?rest_route=\/wp\/v2\/pages\/9\/revisions"}],"predecessor-version":[{"id":681,"href":"https:\/\/www.schlafen-schoenfeld.de\/index.php?rest_route=\/wp\/v2\/pages\/9\/revisions\/681"}],"wp:attachment":[{"href":"https:\/\/www.schlafen-schoenfeld.de\/index.php?rest_route=%2Fwp%2Fv2%2Fmedia&parent=9"}],"curies":[{"name":"wp","href":"https:\/\/api.w.org\/{rel}","templated":true}]}}