{"id":465,"date":"2021-01-08T09:36:54","date_gmt":"2021-01-08T08:36:54","guid":{"rendered":"https:\/\/www.schlafen-schoenfeld.de\/?page_id=465"},"modified":"2025-05-04T17:55:46","modified_gmt":"2025-05-04T15:55:46","slug":"holunder","status":"publish","type":"page","link":"https:\/\/www.schlafen-schoenfeld.de\/?page_id=465","title":{"rendered":"Apartment Holunder"},"content":{"rendered":"<p>[et_pb_section fb_built=&#8220;1&#8243; _builder_version=&#8220;4.16&#8243; _module_preset=&#8220;default&#8220; custom_margin=&#8220;0px|0px|10px|0px|false|false&#8220; custom_margin_tablet=&#8220;0px|0px|0px|0px|false|false&#8220; custom_margin_phone=&#8220;&#8220; custom_margin_last_edited=&#8220;on|desktop&#8220; custom_padding=&#8220;0px|0px|0px|0px|false|false&#8220; global_colors_info=&#8220;{}&#8220;][et_pb_row _builder_version=&#8220;4.16&#8243; _module_preset=&#8220;default&#8220; width=&#8220;100%&#8220; custom_margin=&#8220;0px||||false|false&#8220; custom_padding=&#8220;10px||||false|false&#8220; global_colors_info=&#8220;{}&#8220;][et_pb_column type=&#8220;4_4&#8243; _builder_version=&#8220;4.16&#8243; _module_preset=&#8220;default&#8220; global_colors_info=&#8220;{}&#8220;][et_pb_code _builder_version=&#8220;4.16&#8243; _module_preset=&#8220;default&#8220; global_colors_info=&#8220;{}&#8220;][\/et_pb_code][\/et_pb_column][\/et_pb_row][\/et_pb_section][et_pb_section fb_built=&#8220;1&#8243; admin_label=&#8220;section&#8220; _builder_version=&#8220;4.16&#8243; custom_margin=&#8220;0px||||false|false&#8220; custom_padding=&#8220;0px||||false|false&#8220; global_colors_info=&#8220;{}&#8220;][et_pb_row column_structure=&#8220;1_2,1_2&#8243; use_custom_gutter=&#8220;on&#8220; gutter_width=&#8220;2&#8243; custom_padding_last_edited=&#8220;on|desktop&#8220; admin_label=&#8220;row&#8220; _builder_version=&#8220;4.16&#8243; background_size=&#8220;initial&#8220; background_position=&#8220;top_left&#8220; background_repeat=&#8220;repeat&#8220; custom_margin=&#8220;0px||||false|false&#8220; custom_padding=&#8220;10px||||false|false&#8220; custom_padding_tablet=&#8220;0px||0px||false|false&#8220; custom_padding_phone=&#8220;&#8220; global_colors_info=&#8220;{}&#8220;][et_pb_column type=&#8220;1_2&#8243; _builder_version=&#8220;4.16&#8243; custom_padding=&#8220;|||&#8220; global_colors_info=&#8220;{}&#8220; custom_padding__hover=&#8220;|||&#8220;][et_pb_text admin_label=&#8220;Text&#8220; _builder_version=&#8220;4.26.0&#8243; text_text_color=&#8220;#666666&#8243; header_text_color=&#8220;#808080&#8243; header_4_text_color=&#8220;#666666&#8243; background_size=&#8220;initial&#8220; background_position=&#8220;top_left&#8220; background_repeat=&#8220;repeat&#8220; global_colors_info=&#8220;{}&#8220;]<\/p>\n<h1><span style=\"color: #808080;\">Apartment HOLUNDER<\/span><\/h1>\n<p><span style=\"color: #666666;\"><span>Unser charmantes Apartment &#8222;HOLUNDER&#8220; (ca. 50 m\u00b2) befindet sich im Erdgeschoss und bietet Platz f\u00fcr 2 Erwachsene und 2 Kinder oder 3 Erwachsene. Der Wohnbereich mit offener K\u00fcche ist mit Schlafcouch, Flachbildfernseher und verschiedenen B\u00fcchern ausgestattet. <span style=\"font-size: 16px; color: #666666; letter-spacing: -0.3px;\">Auch das gem\u00fctliche Schlafzimmer ist liebevoll eingerichtet und garantiert eine erholsame Nachtruhe.\u00a0<\/span>In der voll eingerichteten K\u00fcche finden Sie alles, was Sie brauchen &#8211; n\u00e4mlich Ceranherd, K\u00fchlschrank, Kaffeemaschine, Wasserkocher, Toaster, Mikrowelle und Sp\u00fclmaschine. <span style=\"font-size: 16px; color: #666666; letter-spacing: -0.3px;\">Im Badezimmer finden Sie eine Badewanne, Handt\u00fccher, Duscht\u00fccher und einen Haartrockner vor. Zum Entspannen l\u00e4dt die<\/span><\/span><\/span><span style=\"font-size: 16px; color: #666666; letter-spacing: -0.3px;\">\u00a0Terrasse mit ihren stilvollen Gartenm\u00f6beln ein.<\/span><\/p>\n<p><span style=\"color: #666666;\"><span>Ein Parkplatz f\u00fcr Ihr Fahrzeug steht zur Verf\u00fcgung. Kostenfreies WLAN ist ebenfalls vorhanden.<\/span><\/span><\/p>\n<p><strong><span>Apartment Holunder:<br \/><\/span><\/strong>pro Nacht 85,00 \u20ac (Belegung 2 Personen)<br \/>Endreinigung 29,00 \u20ac (einmalig)<br \/>Aufbettung 10,00 \u20ac pro Nacht<br \/>ab 5 N\u00e4chte 75,00 \u20ac pro Nacht (Endreinigung entf\u00e4llt)<br \/>Monatsmiete auf Anfrage (Belegung 1 Person)<\/p>\n<p>[\/et_pb_text][\/et_pb_column][et_pb_column type=&#8220;1_2&#8243; _builder_version=&#8220;4.16&#8243; custom_padding=&#8220;|||&#8220; global_colors_info=&#8220;{}&#8220; custom_padding__hover=&#8220;|||&#8220;][et_pb_code _builder_version=&#8220;4.16&#8243; _module_preset=&#8220;default&#8220; global_colors_info=&#8220;{}&#8220;][\/et_pb_code][\/et_pb_column][\/et_pb_row][\/et_pb_section]<\/p>\n","protected":false},"excerpt":{"rendered":"<p>Apartment HOLUNDER Unser charmantes Apartment &#8222;HOLUNDER&#8220; (ca. 50 m\u00b2) befindet sich im Erdgeschoss und bietet Platz f\u00fcr 2 Erwachsene und 2 Kinder oder 3 Erwachsene. Der Wohnbereich mit offener K\u00fcche ist mit Schlafcouch, Flachbildfernseher und verschiedenen B\u00fcchern ausgestattet. Auch das gem\u00fctliche Schlafzimmer ist liebevoll eingerichtet und garantiert eine erholsame Nachtruhe.\u00a0In der voll eingerichteten K\u00fcche [&hellip;]<\/p>\n","protected":false},"author":1,"featured_media":0,"parent":0,"menu_order":0,"comment_status":"closed","ping_status":"closed","template":"","meta":{"_et_pb_use_builder":"on","_et_pb_old_content":"<div>[smartslider3 slider=3]<\/div>\r\n[two_columns]\r\n<h1><span style=\"color: #808080;\">Apartment HOLUNDER<\/span><\/h1>\r\nUnser Apartment \u201eHOLUNDER\u201c (ca. 50 m\u00b2) befindet sich im Erdgescho\u00df und bietet Platz f\u00fcr 2-4 Personen. Der Wohnbereich, mit offener K\u00fcche, ist mit einer Schlafcouch, Flachbildfernseher und verschiedene B\u00fccher ausgestattet. Sie finden eine voll eingerichtete offene K\u00fcche mit Ceranherd, K\u00fchlschrank, Kaffeemaschine, Wasserkocher, Toaster, Mikrowelle und Sp\u00fclmaschine vor. Terrasse verf\u00fcgt \u00fcber sch\u00f6ne Terrassenm\u00f6bel die zum Ruhen und Entspannen einladen. Das gem\u00fctlich eingerichtete Schlafzimmer bietet Garantie f\u00fcr einen erholsamen Schlaf. Im Bad finden Sie eine Badewanne, Hand \u2013 und Duscht\u00fccher und einem F\u00f6n. Ein Pkw Stellplatz ist vorhanden.\r\n\r\n[\/two_columns]\r\n[two_columns_last][smartslider3 slider=\"5\"][\/two_columns_last]","_et_gb_content_width":"","footnotes":""},"class_list":["post-465","page","type-page","status-publish","hentry"],"yoast_head":"<!-- This site is optimized with the Yoast SEO plugin v27.5 - https:\/\/yoast.com\/product\/yoast-seo-wordpress\/ -->\n<title>Apartment Holunder - Schlafen-Sch\u00f6nfeld.de<\/title>\n<meta name=\"description\" content=\"Unser Apartment \u201eHOLUNDER\u201c (ca. 50 m\u00b2) befindet sich im Erdgescho\u00df und bietet Platz f\u00fcr 2-4 Personen. Einzelbuchung: 75,00\u20ac \/ Nacht.\" \/>\n<meta name=\"robots\" content=\"index, follow, max-snippet:-1, max-image-preview:large, max-video-preview:-1\" \/>\n<link rel=\"canonical\" href=\"https:\/\/www.schlafen-schoenfeld.de\/?page_id=465\" \/>\n<meta property=\"og:locale\" content=\"de_DE\" \/>\n<meta property=\"og:type\" content=\"article\" \/>\n<meta property=\"og:title\" content=\"Apartment Holunder - Schlafen-Sch\u00f6nfeld.de\" \/>\n<meta property=\"og:description\" content=\"Unser Apartment \u201eHOLUNDER\u201c (ca. 50 m\u00b2) befindet sich im Erdgescho\u00df und bietet Platz f\u00fcr 2-4 Personen. Einzelbuchung: 75,00\u20ac \/ Nacht.\" \/>\n<meta property=\"og:url\" content=\"https:\/\/www.schlafen-schoenfeld.de\/?page_id=465\" \/>\n<meta property=\"og:site_name\" content=\"Schlafen-Sch\u00f6nfeld.de\" \/>\n<meta property=\"article:modified_time\" content=\"2025-05-04T15:55:46+00:00\" \/>\n<meta name=\"twitter:card\" content=\"summary_large_image\" \/>\n<meta name=\"twitter:label1\" content=\"Gesch\u00e4tzte Lesezeit\" \/>\n\t<meta name=\"twitter:data1\" content=\"2\u00a0Minuten\" \/>\n<script type=\"application\/ld+json\" class=\"yoast-schema-graph\">{\"@context\":\"https:\\\/\\\/schema.org\",\"@graph\":[{\"@type\":\"WebPage\",\"@id\":\"https:\\\/\\\/www.schlafen-schoenfeld.de\\\/?page_id=465\",\"url\":\"https:\\\/\\\/www.schlafen-schoenfeld.de\\\/?page_id=465\",\"name\":\"Apartment Holunder - Schlafen-Sch\u00f6nfeld.de\",\"isPartOf\":{\"@id\":\"https:\\\/\\\/www.schlafen-schoenfeld.de\\\/#website\"},\"datePublished\":\"2021-01-08T08:36:54+00:00\",\"dateModified\":\"2025-05-04T15:55:46+00:00\",\"description\":\"Unser Apartment \u201eHOLUNDER\u201c (ca. 50 m\u00b2) befindet sich im Erdgescho\u00df und bietet Platz f\u00fcr 2-4 Personen. Einzelbuchung: 75,00\u20ac \\\/ Nacht.\",\"breadcrumb\":{\"@id\":\"https:\\\/\\\/www.schlafen-schoenfeld.de\\\/?page_id=465#breadcrumb\"},\"inLanguage\":\"de\",\"potentialAction\":[{\"@type\":\"ReadAction\",\"target\":[\"https:\\\/\\\/www.schlafen-schoenfeld.de\\\/?page_id=465\"]}]},{\"@type\":\"BreadcrumbList\",\"@id\":\"https:\\\/\\\/www.schlafen-schoenfeld.de\\\/?page_id=465#breadcrumb\",\"itemListElement\":[{\"@type\":\"ListItem\",\"position\":1,\"name\":\"Startseite\",\"item\":\"https:\\\/\\\/www.schlafen-schoenfeld.de\\\/\"},{\"@type\":\"ListItem\",\"position\":2,\"name\":\"Apartment Holunder\"}]},{\"@type\":\"WebSite\",\"@id\":\"https:\\\/\\\/www.schlafen-schoenfeld.de\\\/#website\",\"url\":\"https:\\\/\\\/www.schlafen-schoenfeld.de\\\/\",\"name\":\"Schlafen-Sch\u00f6nfeld.de\",\"description\":\"\",\"publisher\":{\"@id\":\"https:\\\/\\\/www.schlafen-schoenfeld.de\\\/#organization\"},\"potentialAction\":[{\"@type\":\"SearchAction\",\"target\":{\"@type\":\"EntryPoint\",\"urlTemplate\":\"https:\\\/\\\/www.schlafen-schoenfeld.de\\\/?s={search_term_string}\"},\"query-input\":{\"@type\":\"PropertyValueSpecification\",\"valueRequired\":true,\"valueName\":\"search_term_string\"}}],\"inLanguage\":\"de\"},{\"@type\":\"Organization\",\"@id\":\"https:\\\/\\\/www.schlafen-schoenfeld.de\\\/#organization\",\"name\":\"G\u00e4stehaus Lehmann\",\"url\":\"https:\\\/\\\/www.schlafen-schoenfeld.de\\\/\",\"logo\":{\"@type\":\"ImageObject\",\"inLanguage\":\"de\",\"@id\":\"https:\\\/\\\/www.schlafen-schoenfeld.de\\\/#\\\/schema\\\/logo\\\/image\\\/\",\"url\":\"https:\\\/\\\/www.schlafen-schoenfeld.de\\\/wp-content\\\/uploads\\\/2020\\\/03\\\/logo_mobil.png\",\"contentUrl\":\"https:\\\/\\\/www.schlafen-schoenfeld.de\\\/wp-content\\\/uploads\\\/2020\\\/03\\\/logo_mobil.png\",\"width\":145,\"height\":63,\"caption\":\"G\u00e4stehaus Lehmann\"},\"image\":{\"@id\":\"https:\\\/\\\/www.schlafen-schoenfeld.de\\\/#\\\/schema\\\/logo\\\/image\\\/\"}}]}<\/script>\n<!-- \/ Yoast SEO plugin. -->","yoast_head_json":{"title":"Apartment Holunder - Schlafen-Sch\u00f6nfeld.de","description":"Unser Apartment \u201eHOLUNDER\u201c (ca. 50 m\u00b2) befindet sich im Erdgescho\u00df und bietet Platz f\u00fcr 2-4 Personen. Einzelbuchung: 75,00\u20ac \/ Nacht.","robots":{"index":"index","follow":"follow","max-snippet":"max-snippet:-1","max-image-preview":"max-image-preview:large","max-video-preview":"max-video-preview:-1"},"canonical":"https:\/\/www.schlafen-schoenfeld.de\/?page_id=465","og_locale":"de_DE","og_type":"article","og_title":"Apartment Holunder - Schlafen-Sch\u00f6nfeld.de","og_description":"Unser Apartment \u201eHOLUNDER\u201c (ca. 50 m\u00b2) befindet sich im Erdgescho\u00df und bietet Platz f\u00fcr 2-4 Personen. Einzelbuchung: 75,00\u20ac \/ Nacht.","og_url":"https:\/\/www.schlafen-schoenfeld.de\/?page_id=465","og_site_name":"Schlafen-Sch\u00f6nfeld.de","article_modified_time":"2025-05-04T15:55:46+00:00","twitter_card":"summary_large_image","twitter_misc":{"Gesch\u00e4tzte Lesezeit":"2\u00a0Minuten"},"schema":{"@context":"https:\/\/schema.org","@graph":[{"@type":"WebPage","@id":"https:\/\/www.schlafen-schoenfeld.de\/?page_id=465","url":"https:\/\/www.schlafen-schoenfeld.de\/?page_id=465","name":"Apartment Holunder - Schlafen-Sch\u00f6nfeld.de","isPartOf":{"@id":"https:\/\/www.schlafen-schoenfeld.de\/#website"},"datePublished":"2021-01-08T08:36:54+00:00","dateModified":"2025-05-04T15:55:46+00:00","description":"Unser Apartment \u201eHOLUNDER\u201c (ca. 50 m\u00b2) befindet sich im Erdgescho\u00df und bietet Platz f\u00fcr 2-4 Personen. Einzelbuchung: 75,00\u20ac \/ Nacht.","breadcrumb":{"@id":"https:\/\/www.schlafen-schoenfeld.de\/?page_id=465#breadcrumb"},"inLanguage":"de","potentialAction":[{"@type":"ReadAction","target":["https:\/\/www.schlafen-schoenfeld.de\/?page_id=465"]}]},{"@type":"BreadcrumbList","@id":"https:\/\/www.schlafen-schoenfeld.de\/?page_id=465#breadcrumb","itemListElement":[{"@type":"ListItem","position":1,"name":"Startseite","item":"https:\/\/www.schlafen-schoenfeld.de\/"},{"@type":"ListItem","position":2,"name":"Apartment Holunder"}]},{"@type":"WebSite","@id":"https:\/\/www.schlafen-schoenfeld.de\/#website","url":"https:\/\/www.schlafen-schoenfeld.de\/","name":"Schlafen-Sch\u00f6nfeld.de","description":"","publisher":{"@id":"https:\/\/www.schlafen-schoenfeld.de\/#organization"},"potentialAction":[{"@type":"SearchAction","target":{"@type":"EntryPoint","urlTemplate":"https:\/\/www.schlafen-schoenfeld.de\/?s={search_term_string}"},"query-input":{"@type":"PropertyValueSpecification","valueRequired":true,"valueName":"search_term_string"}}],"inLanguage":"de"},{"@type":"Organization","@id":"https:\/\/www.schlafen-schoenfeld.de\/#organization","name":"G\u00e4stehaus Lehmann","url":"https:\/\/www.schlafen-schoenfeld.de\/","logo":{"@type":"ImageObject","inLanguage":"de","@id":"https:\/\/www.schlafen-schoenfeld.de\/#\/schema\/logo\/image\/","url":"https:\/\/www.schlafen-schoenfeld.de\/wp-content\/uploads\/2020\/03\/logo_mobil.png","contentUrl":"https:\/\/www.schlafen-schoenfeld.de\/wp-content\/uploads\/2020\/03\/logo_mobil.png","width":145,"height":63,"caption":"G\u00e4stehaus Lehmann"},"image":{"@id":"https:\/\/www.schlafen-schoenfeld.de\/#\/schema\/logo\/image\/"}}]}},"_links":{"self":[{"href":"https:\/\/www.schlafen-schoenfeld.de\/index.php?rest_route=\/wp\/v2\/pages\/465","targetHints":{"allow":["GET"]}}],"collection":[{"href":"https:\/\/www.schlafen-schoenfeld.de\/index.php?rest_route=\/wp\/v2\/pages"}],"about":[{"href":"https:\/\/www.schlafen-schoenfeld.de\/index.php?rest_route=\/wp\/v2\/types\/page"}],"author":[{"embeddable":true,"href":"https:\/\/www.schlafen-schoenfeld.de\/index.php?rest_route=\/wp\/v2\/users\/1"}],"replies":[{"embeddable":true,"href":"https:\/\/www.schlafen-schoenfeld.de\/index.php?rest_route=%2Fwp%2Fv2%2Fcomments&post=465"}],"version-history":[{"count":26,"href":"https:\/\/www.schlafen-schoenfeld.de\/index.php?rest_route=\/wp\/v2\/pages\/465\/revisions"}],"predecessor-version":[{"id":884,"href":"https:\/\/www.schlafen-schoenfeld.de\/index.php?rest_route=\/wp\/v2\/pages\/465\/revisions\/884"}],"wp:attachment":[{"href":"https:\/\/www.schlafen-schoenfeld.de\/index.php?rest_route=%2Fwp%2Fv2%2Fmedia&parent=465"}],"curies":[{"name":"wp","href":"https:\/\/api.w.org\/{rel}","templated":true}]}}