{"id":23,"date":"2020-03-23T15:44:23","date_gmt":"2020-03-23T14:44:23","guid":{"rendered":"https:\/\/www.schlafen-schoenfeld.de\/?page_id=23"},"modified":"2024-05-26T15:33:31","modified_gmt":"2024-05-26T13:33:31","slug":"service","status":"publish","type":"page","link":"https:\/\/www.schlafen-schoenfeld.de\/?page_id=23","title":{"rendered":"Service"},"content":{"rendered":"<p>[et_pb_section fb_built=&#8220;1&#8243; _builder_version=&#8220;4.16&#8243; _module_preset=&#8220;default&#8220; custom_margin=&#8220;0px|0px|10px|0px|false|false&#8220; custom_margin_tablet=&#8220;0px|0px|0px|0px|false|false&#8220; custom_margin_phone=&#8220;&#8220; custom_margin_last_edited=&#8220;on|desktop&#8220; custom_padding=&#8220;0px|0px|0px|0px|false|false&#8220; global_colors_info=&#8220;{}&#8220;][et_pb_row _builder_version=&#8220;4.16&#8243; _module_preset=&#8220;default&#8220; width=&#8220;100%&#8220; custom_margin=&#8220;0px||||false|false&#8220; custom_padding=&#8220;10px||||false|false&#8220; global_colors_info=&#8220;{}&#8220;][et_pb_column type=&#8220;4_4&#8243; _builder_version=&#8220;4.16&#8243; _module_preset=&#8220;default&#8220; global_colors_info=&#8220;{}&#8220;][et_pb_code _builder_version=&#8220;4.16&#8243; _module_preset=&#8220;default&#8220; global_colors_info=&#8220;{}&#8220;][\/et_pb_code][\/et_pb_column][\/et_pb_row][\/et_pb_section][et_pb_section fb_built=&#8220;1&#8243; admin_label=&#8220;section&#8220; _builder_version=&#8220;4.16&#8243; custom_margin=&#8220;0px||0px||false|false&#8220; custom_padding=&#8220;0px||0px||false|false&#8220; global_colors_info=&#8220;{}&#8220;][et_pb_row column_structure=&#8220;1_2,1_2&#8243; admin_label=&#8220;row&#8220; _builder_version=&#8220;4.16&#8243; background_size=&#8220;initial&#8220; background_position=&#8220;top_left&#8220; background_repeat=&#8220;repeat&#8220; custom_margin=&#8220;20px||||false|false&#8220; custom_margin_tablet=&#8220;0px||||false|false&#8220; custom_margin_phone=&#8220;&#8220; custom_margin_last_edited=&#8220;on|tablet&#8220; custom_padding=&#8220;0px||||false|false&#8220; global_colors_info=&#8220;{}&#8220;][et_pb_column type=&#8220;1_2&#8243; _builder_version=&#8220;4.16&#8243; custom_padding=&#8220;|||&#8220; global_colors_info=&#8220;{}&#8220; custom_padding__hover=&#8220;|||&#8220;][et_pb_text ul_type=&#8220;none&#8220; admin_label=&#8220;Text&#8220; _builder_version=&#8220;4.16&#8243; ul_font=&#8220;|300|||||||&#8220; ul_font_size=&#8220;20px&#8220; ul_line_height=&#8220;2.2em&#8220; header_font_size=&#8220;28px&#8220; background_size=&#8220;initial&#8220; background_position=&#8220;top_left&#8220; background_repeat=&#8220;repeat&#8220; custom_margin=&#8220;0px||10px||false|false&#8220; custom_padding=&#8220;0px||0px||false|false&#8220; hover_enabled=&#8220;0&#8243; global_colors_info=&#8220;{}&#8220; sticky_enabled=&#8220;0&#8243;]<\/p>\n<h1><span style=\"color: #808080;\">WIR BIETEN IHNEN FOLGENDEN SERVICE:<\/span><\/h1>\n<p>[\/et_pb_text][et_pb_blurb title=&#8220;W-Lan&#8220; image=&#8220;https:\/\/www.schlafen-schoenfeld.de\/wp-content\/uploads\/2021\/01\/Pfeilt.png&#8220; alt=&#8220;Pfeil&#8220; icon_placement=&#8220;left&#8220; content_max_width=&#8220;100%&#8220; admin_label=&#8220;Class&#8220; _builder_version=&#8220;4.16&#8243; header_font=&#8220;||||||||&#8220; header_text_align=&#8220;left&#8220; header_text_color=&#8220;#666666&#8243; header_font_size=&#8220;16px&#8220; header_letter_spacing=&#8220;-0.3px&#8220; header_line_height=&#8220;1.4em&#8220; body_font=&#8220;Open Sans||||||||&#8220; body_text_align=&#8220;left&#8220; body_text_color=&#8220;#848484&#8243; body_line_height=&#8220;1.8em&#8220; background_color=&#8220;#ffffff&#8220; custom_margin=&#8220;0px||0px||false|false&#8220; custom_padding=&#8220;0px||0px||false|false&#8220; animation_style=&#8220;fade&#8220; animation_delay=&#8220;100ms&#8220; animation=&#8220;off&#8220; border_radii=&#8220;on|6px|6px|6px|6px&#8220; border_width_all_image=&#8220;5px&#8220; border_color_all_image=&#8220;rgba(0,0,0,0)&#8220; global_colors_info=&#8220;{}&#8220;][\/et_pb_blurb][et_pb_blurb title=&#8220;Fahrradverleih&#8220; image=&#8220;https:\/\/www.schlafen-schoenfeld.de\/wp-content\/uploads\/2021\/01\/Pfeilt.png&#8220; alt=&#8220;Pfeil&#8220; icon_placement=&#8220;left&#8220; content_max_width=&#8220;100%&#8220; admin_label=&#8220;Class&#8220; _builder_version=&#8220;4.16&#8243; header_font=&#8220;||||||||&#8220; header_text_align=&#8220;left&#8220; header_text_color=&#8220;#666666&#8243; header_font_size=&#8220;16px&#8220; header_letter_spacing=&#8220;-0.3px&#8220; header_line_height=&#8220;1.4em&#8220; body_font=&#8220;Open Sans||||||||&#8220; body_text_align=&#8220;left&#8220; body_text_color=&#8220;#848484&#8243; body_line_height=&#8220;1.8em&#8220; background_color=&#8220;#ffffff&#8220; custom_margin=&#8220;||0px||false|false&#8220; custom_padding=&#8220;0px||0px||false|false&#8220; animation_style=&#8220;fade&#8220; animation_delay=&#8220;100ms&#8220; animation=&#8220;off&#8220; border_radii=&#8220;on|6px|6px|6px|6px&#8220; border_width_all_image=&#8220;5px&#8220; border_color_all_image=&#8220;rgba(0,0,0,0)&#8220; global_colors_info=&#8220;{}&#8220;][\/et_pb_blurb][et_pb_blurb title=&#8220;Badem\u00e4ntel&#8220; image=&#8220;https:\/\/www.schlafen-schoenfeld.de\/wp-content\/uploads\/2021\/01\/Pfeilt.png&#8220; alt=&#8220;Pfeil&#8220; icon_placement=&#8220;left&#8220; content_max_width=&#8220;100%&#8220; admin_label=&#8220;Class&#8220; _builder_version=&#8220;4.16&#8243; header_font=&#8220;||||||||&#8220; header_text_align=&#8220;left&#8220; header_text_color=&#8220;#666666&#8243; header_font_size=&#8220;16px&#8220; header_letter_spacing=&#8220;-0.3px&#8220; header_line_height=&#8220;1.4em&#8220; body_font=&#8220;Open Sans||||||||&#8220; body_text_align=&#8220;left&#8220; body_text_color=&#8220;#848484&#8243; body_line_height=&#8220;1.8em&#8220; background_color=&#8220;#ffffff&#8220; custom_margin=&#8220;||0px||false|false&#8220; custom_padding=&#8220;0px||0px||false|false&#8220; animation_style=&#8220;fade&#8220; animation_delay=&#8220;100ms&#8220; animation=&#8220;off&#8220; border_radii=&#8220;on|6px|6px|6px|6px&#8220; border_width_all_image=&#8220;5px&#8220; border_color_all_image=&#8220;rgba(0,0,0,0)&#8220; global_colors_info=&#8220;{}&#8220;][\/et_pb_blurb][et_pb_blurb title=&#8220;B\u00fcgelservice&#8220; image=&#8220;https:\/\/www.schlafen-schoenfeld.de\/wp-content\/uploads\/2021\/01\/Pfeilt.png&#8220; alt=&#8220;Pfeil&#8220; icon_placement=&#8220;left&#8220; content_max_width=&#8220;100%&#8220; admin_label=&#8220;Class&#8220; _builder_version=&#8220;4.16&#8243; header_font=&#8220;||||||||&#8220; header_text_align=&#8220;left&#8220; header_text_color=&#8220;#666666&#8243; header_font_size=&#8220;16px&#8220; header_letter_spacing=&#8220;-0.3px&#8220; header_line_height=&#8220;1.4em&#8220; body_font=&#8220;Open Sans||||||||&#8220; body_text_align=&#8220;left&#8220; body_text_color=&#8220;#848484&#8243; body_line_height=&#8220;1.8em&#8220; background_color=&#8220;#ffffff&#8220; custom_margin=&#8220;||0px||false|false&#8220; custom_padding=&#8220;0px||0px||false|false&#8220; animation_style=&#8220;fade&#8220; animation_delay=&#8220;100ms&#8220; animation=&#8220;off&#8220; border_radii=&#8220;on|6px|6px|6px|6px&#8220; border_width_all_image=&#8220;5px&#8220; border_color_all_image=&#8220;rgba(0,0,0,0)&#8220; global_colors_info=&#8220;{}&#8220;][\/et_pb_blurb][et_pb_blurb title=&#8220;Zustellbett&#8220; image=&#8220;https:\/\/www.schlafen-schoenfeld.de\/wp-content\/uploads\/2021\/01\/Pfeilt.png&#8220; alt=&#8220;Pfeil&#8220; icon_placement=&#8220;left&#8220; content_max_width=&#8220;100%&#8220; admin_label=&#8220;Class&#8220; _builder_version=&#8220;4.16&#8243; header_font=&#8220;||||||||&#8220; header_text_align=&#8220;left&#8220; header_text_color=&#8220;#666666&#8243; header_font_size=&#8220;16px&#8220; header_letter_spacing=&#8220;-0.3px&#8220; header_line_height=&#8220;1.4em&#8220; body_font=&#8220;Open Sans||||||||&#8220; body_text_align=&#8220;left&#8220; body_text_color=&#8220;#848484&#8243; body_line_height=&#8220;1.8em&#8220; background_color=&#8220;#ffffff&#8220; custom_margin=&#8220;||0px||false|false&#8220; custom_padding=&#8220;0px||0px||false|false&#8220; animation_style=&#8220;fade&#8220; animation_delay=&#8220;100ms&#8220; animation=&#8220;off&#8220; border_radii=&#8220;on|6px|6px|6px|6px&#8220; border_width_all_image=&#8220;5px&#8220; border_color_all_image=&#8220;rgba(0,0,0,0)&#8220; global_colors_info=&#8220;{}&#8220;][\/et_pb_blurb][et_pb_text ul_type=&#8220;none&#8220; admin_label=&#8220;Text&#8220; _builder_version=&#8220;4.16&#8243; ul_font=&#8220;|300|||||||&#8220; ul_font_size=&#8220;20px&#8220; ul_line_height=&#8220;2.2em&#8220; header_font_size=&#8220;28px&#8220; background_size=&#8220;initial&#8220; background_position=&#8220;top_left&#8220; background_repeat=&#8220;repeat&#8220; custom_margin=&#8220;20px||10px||false|false&#8220; custom_padding=&#8220;0px||0px||false|false&#8220; global_colors_info=&#8220;{}&#8220;]<\/p>\n<h1>Zahlungsmittel:<\/h1>\n<p>[\/et_pb_text][et_pb_blurb title=&#8220;Bargeld&#8220; image=&#8220;https:\/\/www.schlafen-schoenfeld.de\/wp-content\/uploads\/2021\/01\/Pfeilt.png&#8220; alt=&#8220;Pfeil&#8220; icon_placement=&#8220;left&#8220; content_max_width=&#8220;100%&#8220; admin_label=&#8220;Class&#8220; _builder_version=&#8220;4.16&#8243; header_font=&#8220;||||||||&#8220; header_text_align=&#8220;left&#8220; header_text_color=&#8220;#666666&#8243; header_font_size=&#8220;16px&#8220; header_letter_spacing=&#8220;-0.3px&#8220; header_line_height=&#8220;1.4em&#8220; body_font=&#8220;Open Sans||||||||&#8220; body_text_align=&#8220;left&#8220; body_text_color=&#8220;#848484&#8243; body_line_height=&#8220;1.8em&#8220; background_color=&#8220;#ffffff&#8220; custom_margin=&#8220;||0px||false|false&#8220; custom_padding=&#8220;0px||0px||false|false&#8220; animation_style=&#8220;fade&#8220; animation_delay=&#8220;100ms&#8220; animation=&#8220;off&#8220; border_radii=&#8220;on|6px|6px|6px|6px&#8220; border_width_all_image=&#8220;5px&#8220; border_color_all_image=&#8220;rgba(0,0,0,0)&#8220; global_colors_info=&#8220;{}&#8220;][\/et_pb_blurb][et_pb_blurb title=&#8220;EC-Karte&#8220; image=&#8220;https:\/\/www.schlafen-schoenfeld.de\/wp-content\/uploads\/2021\/01\/Pfeilt.png&#8220; alt=&#8220;Pfeil&#8220; icon_placement=&#8220;left&#8220; content_max_width=&#8220;100%&#8220; admin_label=&#8220;Class&#8220; _builder_version=&#8220;4.16&#8243; header_font=&#8220;||||||||&#8220; header_text_align=&#8220;left&#8220; header_text_color=&#8220;#666666&#8243; header_font_size=&#8220;16px&#8220; header_letter_spacing=&#8220;-0.3px&#8220; header_line_height=&#8220;1.4em&#8220; body_font=&#8220;Open Sans||||||||&#8220; body_text_align=&#8220;left&#8220; body_text_color=&#8220;#848484&#8243; body_line_height=&#8220;1.8em&#8220; background_color=&#8220;#ffffff&#8220; custom_margin=&#8220;||0px||false|false&#8220; custom_padding=&#8220;0px||0px||false|false&#8220; animation_style=&#8220;fade&#8220; animation_delay=&#8220;100ms&#8220; animation=&#8220;off&#8220; border_radii=&#8220;on|6px|6px|6px|6px&#8220; border_width_all_image=&#8220;5px&#8220; border_color_all_image=&#8220;rgba(0,0,0,0)&#8220; global_colors_info=&#8220;{}&#8220;][\/et_pb_blurb][et_pb_blurb title=&#8220;Visacard&#8220; image=&#8220;https:\/\/www.schlafen-schoenfeld.de\/wp-content\/uploads\/2021\/01\/Pfeilt.png&#8220; alt=&#8220;Pfeil&#8220; icon_placement=&#8220;left&#8220; content_max_width=&#8220;100%&#8220; admin_label=&#8220;Class&#8220; _builder_version=&#8220;4.16&#8243; header_font=&#8220;||||||||&#8220; header_text_align=&#8220;left&#8220; header_text_color=&#8220;#666666&#8243; header_font_size=&#8220;16px&#8220; header_letter_spacing=&#8220;-0.3px&#8220; header_line_height=&#8220;1.4em&#8220; body_font=&#8220;Open Sans||||||||&#8220; body_text_align=&#8220;left&#8220; body_text_color=&#8220;#848484&#8243; body_line_height=&#8220;1.8em&#8220; background_color=&#8220;#ffffff&#8220; custom_margin=&#8220;||0px||false|false&#8220; custom_padding=&#8220;0px||0px||false|false&#8220; animation_style=&#8220;fade&#8220; animation_delay=&#8220;100ms&#8220; animation=&#8220;off&#8220; border_radii=&#8220;on|6px|6px|6px|6px&#8220; border_width_all_image=&#8220;5px&#8220; border_color_all_image=&#8220;rgba(0,0,0,0)&#8220; global_colors_info=&#8220;{}&#8220;][\/et_pb_blurb][et_pb_blurb title=&#8220;Eurocard&#8220; image=&#8220;https:\/\/www.schlafen-schoenfeld.de\/wp-content\/uploads\/2021\/01\/Pfeilt.png&#8220; alt=&#8220;Pfeil&#8220; icon_placement=&#8220;left&#8220; content_max_width=&#8220;100%&#8220; admin_label=&#8220;Class&#8220; _builder_version=&#8220;4.16&#8243; header_font=&#8220;||||||||&#8220; header_text_align=&#8220;left&#8220; header_text_color=&#8220;#666666&#8243; header_font_size=&#8220;16px&#8220; header_letter_spacing=&#8220;-0.3px&#8220; header_line_height=&#8220;1.4em&#8220; body_font=&#8220;Open Sans||||||||&#8220; body_text_align=&#8220;left&#8220; body_text_color=&#8220;#848484&#8243; body_line_height=&#8220;1.8em&#8220; background_color=&#8220;#ffffff&#8220; custom_margin=&#8220;||0px||false|false&#8220; custom_padding=&#8220;0px||0px||false|false&#8220; animation_style=&#8220;fade&#8220; animation_delay=&#8220;100ms&#8220; animation=&#8220;off&#8220; border_radii=&#8220;on|6px|6px|6px|6px&#8220; border_width_all_image=&#8220;5px&#8220; border_color_all_image=&#8220;rgba(0,0,0,0)&#8220; global_colors_info=&#8220;{}&#8220;][\/et_pb_blurb][\/et_pb_column][et_pb_column type=&#8220;1_2&#8243; _builder_version=&#8220;4.16&#8243; custom_padding=&#8220;|||&#8220; global_colors_info=&#8220;{}&#8220; custom_padding__hover=&#8220;|||&#8220;][et_pb_image src=&#8220;https:\/\/www.schlafen-schoenfeld.de\/wp-content\/uploads\/2022\/07\/DJI_0571-2-1.jpg&#8220; title_text=&#8220;DJI_0571-2&#8243; _builder_version=&#8220;4.16&#8243; _module_preset=&#8220;default&#8220; global_colors_info=&#8220;{}&#8220;][\/et_pb_image][\/et_pb_column][\/et_pb_row][\/et_pb_section]<\/p>\n","protected":false},"excerpt":{"rendered":"<p>WIR BIETEN IHNEN FOLGENDEN SERVICE:Zahlungsmittel:<\/p>\n","protected":false},"author":1,"featured_media":0,"parent":0,"menu_order":0,"comment_status":"closed","ping_status":"closed","template":"","meta":{"_et_pb_use_builder":"on","_et_pb_old_content":"<div>[smartslider3 slider=7]<\/div>\r\n[two_columns]<h1><span style=\"color: #808080; font-size: 26px;\">Wir bieten Ihnen folgenden Service:<\/span><\/h1>\r\n[list divider=\"0\" painted=\"1\" icon=\"1\" elements=\"W-Lan,Fahrradverleih,Badem\u00e4ntel,B\u00fcgelservice,Zustellbett\"]\r\n<h4><span style=\"color: #808080; font-size: 26px;\">Sauna im Gartenbereich:<\/span><\/h4>\r\n[list divider=\"0\" painted=\"1\" icon=\"1\" elements=\"gegen Geb\u00fchr,Trockensauna\"][\/two_columns]\r\n[two_columns_last]<img class=\"alignnone wp-image-237 size-full\" src=\"https:\/\/www.schlafen-schoenfeld.de\/wp-content\/uploads\/2020\/03\/DSC2363.jpg\" alt=\"\" width=\"2006\" height=\"1339\" \/>\r\n[\/two_columns_last]","_et_gb_content_width":"","footnotes":""},"class_list":["post-23","page","type-page","status-publish","hentry"],"yoast_head":"<!-- This site is optimized with the Yoast SEO plugin v27.5 - https:\/\/yoast.com\/product\/yoast-seo-wordpress\/ -->\n<title>Service - Schlafen-Sch\u00f6nfeld.de<\/title>\n<meta name=\"description\" content=\"WIR BIETEN IHNEN FOLGENDEN SERVICE: W-Lan, Fahrradverleih, Badem\u00e4ntel, B\u00fcgelservice, Zustellbett. SAUNA IM GARTENBEREICH.\" \/>\n<meta name=\"robots\" content=\"index, follow, max-snippet:-1, max-image-preview:large, max-video-preview:-1\" \/>\n<link rel=\"canonical\" href=\"https:\/\/www.schlafen-schoenfeld.de\/?page_id=23\" \/>\n<meta property=\"og:locale\" content=\"de_DE\" \/>\n<meta property=\"og:type\" content=\"article\" \/>\n<meta property=\"og:title\" content=\"Service - Schlafen-Sch\u00f6nfeld.de\" \/>\n<meta property=\"og:description\" content=\"WIR BIETEN IHNEN FOLGENDEN SERVICE: W-Lan, Fahrradverleih, Badem\u00e4ntel, B\u00fcgelservice, Zustellbett. SAUNA IM GARTENBEREICH.\" \/>\n<meta property=\"og:url\" content=\"https:\/\/www.schlafen-schoenfeld.de\/?page_id=23\" \/>\n<meta property=\"og:site_name\" content=\"Schlafen-Sch\u00f6nfeld.de\" \/>\n<meta property=\"article:modified_time\" content=\"2024-05-26T13:33:31+00:00\" \/>\n<meta name=\"twitter:card\" content=\"summary_large_image\" \/>\n<meta name=\"twitter:label1\" content=\"Gesch\u00e4tzte Lesezeit\" \/>\n\t<meta name=\"twitter:data1\" content=\"7\u00a0Minuten\" \/>\n<script type=\"application\/ld+json\" class=\"yoast-schema-graph\">{\"@context\":\"https:\\\/\\\/schema.org\",\"@graph\":[{\"@type\":\"WebPage\",\"@id\":\"https:\\\/\\\/www.schlafen-schoenfeld.de\\\/?page_id=23\",\"url\":\"https:\\\/\\\/www.schlafen-schoenfeld.de\\\/?page_id=23\",\"name\":\"Service - Schlafen-Sch\u00f6nfeld.de\",\"isPartOf\":{\"@id\":\"https:\\\/\\\/www.schlafen-schoenfeld.de\\\/#website\"},\"datePublished\":\"2020-03-23T14:44:23+00:00\",\"dateModified\":\"2024-05-26T13:33:31+00:00\",\"description\":\"WIR BIETEN IHNEN FOLGENDEN SERVICE: W-Lan, Fahrradverleih, Badem\u00e4ntel, B\u00fcgelservice, Zustellbett. SAUNA IM GARTENBEREICH.\",\"breadcrumb\":{\"@id\":\"https:\\\/\\\/www.schlafen-schoenfeld.de\\\/?page_id=23#breadcrumb\"},\"inLanguage\":\"de\",\"potentialAction\":[{\"@type\":\"ReadAction\",\"target\":[\"https:\\\/\\\/www.schlafen-schoenfeld.de\\\/?page_id=23\"]}]},{\"@type\":\"BreadcrumbList\",\"@id\":\"https:\\\/\\\/www.schlafen-schoenfeld.de\\\/?page_id=23#breadcrumb\",\"itemListElement\":[{\"@type\":\"ListItem\",\"position\":1,\"name\":\"Startseite\",\"item\":\"https:\\\/\\\/www.schlafen-schoenfeld.de\\\/\"},{\"@type\":\"ListItem\",\"position\":2,\"name\":\"Service\"}]},{\"@type\":\"WebSite\",\"@id\":\"https:\\\/\\\/www.schlafen-schoenfeld.de\\\/#website\",\"url\":\"https:\\\/\\\/www.schlafen-schoenfeld.de\\\/\",\"name\":\"Schlafen-Sch\u00f6nfeld.de\",\"description\":\"\",\"publisher\":{\"@id\":\"https:\\\/\\\/www.schlafen-schoenfeld.de\\\/#organization\"},\"potentialAction\":[{\"@type\":\"SearchAction\",\"target\":{\"@type\":\"EntryPoint\",\"urlTemplate\":\"https:\\\/\\\/www.schlafen-schoenfeld.de\\\/?s={search_term_string}\"},\"query-input\":{\"@type\":\"PropertyValueSpecification\",\"valueRequired\":true,\"valueName\":\"search_term_string\"}}],\"inLanguage\":\"de\"},{\"@type\":\"Organization\",\"@id\":\"https:\\\/\\\/www.schlafen-schoenfeld.de\\\/#organization\",\"name\":\"G\u00e4stehaus Lehmann\",\"url\":\"https:\\\/\\\/www.schlafen-schoenfeld.de\\\/\",\"logo\":{\"@type\":\"ImageObject\",\"inLanguage\":\"de\",\"@id\":\"https:\\\/\\\/www.schlafen-schoenfeld.de\\\/#\\\/schema\\\/logo\\\/image\\\/\",\"url\":\"https:\\\/\\\/www.schlafen-schoenfeld.de\\\/wp-content\\\/uploads\\\/2020\\\/03\\\/logo_mobil.png\",\"contentUrl\":\"https:\\\/\\\/www.schlafen-schoenfeld.de\\\/wp-content\\\/uploads\\\/2020\\\/03\\\/logo_mobil.png\",\"width\":145,\"height\":63,\"caption\":\"G\u00e4stehaus Lehmann\"},\"image\":{\"@id\":\"https:\\\/\\\/www.schlafen-schoenfeld.de\\\/#\\\/schema\\\/logo\\\/image\\\/\"}}]}<\/script>\n<!-- \/ Yoast SEO plugin. -->","yoast_head_json":{"title":"Service - Schlafen-Sch\u00f6nfeld.de","description":"WIR BIETEN IHNEN FOLGENDEN SERVICE: W-Lan, Fahrradverleih, Badem\u00e4ntel, B\u00fcgelservice, Zustellbett. SAUNA IM GARTENBEREICH.","robots":{"index":"index","follow":"follow","max-snippet":"max-snippet:-1","max-image-preview":"max-image-preview:large","max-video-preview":"max-video-preview:-1"},"canonical":"https:\/\/www.schlafen-schoenfeld.de\/?page_id=23","og_locale":"de_DE","og_type":"article","og_title":"Service - Schlafen-Sch\u00f6nfeld.de","og_description":"WIR BIETEN IHNEN FOLGENDEN SERVICE: W-Lan, Fahrradverleih, Badem\u00e4ntel, B\u00fcgelservice, Zustellbett. SAUNA IM GARTENBEREICH.","og_url":"https:\/\/www.schlafen-schoenfeld.de\/?page_id=23","og_site_name":"Schlafen-Sch\u00f6nfeld.de","article_modified_time":"2024-05-26T13:33:31+00:00","twitter_card":"summary_large_image","twitter_misc":{"Gesch\u00e4tzte Lesezeit":"7\u00a0Minuten"},"schema":{"@context":"https:\/\/schema.org","@graph":[{"@type":"WebPage","@id":"https:\/\/www.schlafen-schoenfeld.de\/?page_id=23","url":"https:\/\/www.schlafen-schoenfeld.de\/?page_id=23","name":"Service - Schlafen-Sch\u00f6nfeld.de","isPartOf":{"@id":"https:\/\/www.schlafen-schoenfeld.de\/#website"},"datePublished":"2020-03-23T14:44:23+00:00","dateModified":"2024-05-26T13:33:31+00:00","description":"WIR BIETEN IHNEN FOLGENDEN SERVICE: W-Lan, Fahrradverleih, Badem\u00e4ntel, B\u00fcgelservice, Zustellbett. SAUNA IM GARTENBEREICH.","breadcrumb":{"@id":"https:\/\/www.schlafen-schoenfeld.de\/?page_id=23#breadcrumb"},"inLanguage":"de","potentialAction":[{"@type":"ReadAction","target":["https:\/\/www.schlafen-schoenfeld.de\/?page_id=23"]}]},{"@type":"BreadcrumbList","@id":"https:\/\/www.schlafen-schoenfeld.de\/?page_id=23#breadcrumb","itemListElement":[{"@type":"ListItem","position":1,"name":"Startseite","item":"https:\/\/www.schlafen-schoenfeld.de\/"},{"@type":"ListItem","position":2,"name":"Service"}]},{"@type":"WebSite","@id":"https:\/\/www.schlafen-schoenfeld.de\/#website","url":"https:\/\/www.schlafen-schoenfeld.de\/","name":"Schlafen-Sch\u00f6nfeld.de","description":"","publisher":{"@id":"https:\/\/www.schlafen-schoenfeld.de\/#organization"},"potentialAction":[{"@type":"SearchAction","target":{"@type":"EntryPoint","urlTemplate":"https:\/\/www.schlafen-schoenfeld.de\/?s={search_term_string}"},"query-input":{"@type":"PropertyValueSpecification","valueRequired":true,"valueName":"search_term_string"}}],"inLanguage":"de"},{"@type":"Organization","@id":"https:\/\/www.schlafen-schoenfeld.de\/#organization","name":"G\u00e4stehaus Lehmann","url":"https:\/\/www.schlafen-schoenfeld.de\/","logo":{"@type":"ImageObject","inLanguage":"de","@id":"https:\/\/www.schlafen-schoenfeld.de\/#\/schema\/logo\/image\/","url":"https:\/\/www.schlafen-schoenfeld.de\/wp-content\/uploads\/2020\/03\/logo_mobil.png","contentUrl":"https:\/\/www.schlafen-schoenfeld.de\/wp-content\/uploads\/2020\/03\/logo_mobil.png","width":145,"height":63,"caption":"G\u00e4stehaus Lehmann"},"image":{"@id":"https:\/\/www.schlafen-schoenfeld.de\/#\/schema\/logo\/image\/"}}]}},"_links":{"self":[{"href":"https:\/\/www.schlafen-schoenfeld.de\/index.php?rest_route=\/wp\/v2\/pages\/23","targetHints":{"allow":["GET"]}}],"collection":[{"href":"https:\/\/www.schlafen-schoenfeld.de\/index.php?rest_route=\/wp\/v2\/pages"}],"about":[{"href":"https:\/\/www.schlafen-schoenfeld.de\/index.php?rest_route=\/wp\/v2\/types\/page"}],"author":[{"embeddable":true,"href":"https:\/\/www.schlafen-schoenfeld.de\/index.php?rest_route=\/wp\/v2\/users\/1"}],"replies":[{"embeddable":true,"href":"https:\/\/www.schlafen-schoenfeld.de\/index.php?rest_route=%2Fwp%2Fv2%2Fcomments&post=23"}],"version-history":[{"count":43,"href":"https:\/\/www.schlafen-schoenfeld.de\/index.php?rest_route=\/wp\/v2\/pages\/23\/revisions"}],"predecessor-version":[{"id":845,"href":"https:\/\/www.schlafen-schoenfeld.de\/index.php?rest_route=\/wp\/v2\/pages\/23\/revisions\/845"}],"wp:attachment":[{"href":"https:\/\/www.schlafen-schoenfeld.de\/index.php?rest_route=%2Fwp%2Fv2%2Fmedia&parent=23"}],"curies":[{"name":"wp","href":"https:\/\/api.w.org\/{rel}","templated":true}]}}